{"id":1076,"date":"2021-09-13T09:32:25","date_gmt":"2021-09-13T09:32:25","guid":{"rendered":"https:\/\/andreaholstein.de\/?page_id=1076"},"modified":"2022-01-31T11:23:12","modified_gmt":"2022-01-31T11:23:12","slug":"gaestebuch","status":"publish","type":"page","link":"https:\/\/andreaholstein.de\/?page_id=1076","title":{"rendered":"Referenzen"},"content":{"rendered":"\n<figure class=\"wp-block-image size-large\"><img loading=\"lazy\" decoding=\"async\" width=\"1024\" height=\"336\" src=\"https:\/\/andreaholstein.de\/wp-content\/uploads\/2021\/09\/guestbook_title-1024x336.jpg\" alt=\"\" class=\"wp-image-1080\" srcset=\"https:\/\/andreaholstein.de\/wp-content\/uploads\/2021\/09\/guestbook_title-1024x336.jpg 1024w, https:\/\/andreaholstein.de\/wp-content\/uploads\/2021\/09\/guestbook_title-300x99.jpg 300w, https:\/\/andreaholstein.de\/wp-content\/uploads\/2021\/09\/guestbook_title-768x252.jpg 768w, https:\/\/andreaholstein.de\/wp-content\/uploads\/2021\/09\/guestbook_title.jpg 1218w\" sizes=\"auto, (max-width: 1024px) 100vw, 1024px\" \/><\/figure>\n\n\n\n<p>Stimmen meiner KursteilnehmerInnen und KlientInnen &#8230;<\/p>\n\n\n\n<div class=\"gwolle-gb\"><div class=\"gwolle-gb-messages-top-container\"><\/div>\n\t\t\t<div class=\"gwolle-gb-write-button\">\n\t\t\t\t<input type=\"button\" name=\"gwolle-gb-write-button\" class=\"button btn btn-default \" value=\"Neuen Eintrag schreiben\" aria-expanded=\"false\" \/>\n\t\t\t<\/div>\n\t\t\t<form action=\"#\" method=\"POST\" class=\"gwolle-gb-write gwolle-gb-hide gwolle-gb-float gwolle-gb-form-ajax gwolle-gb-ajax gwolle-gb-not-logged-in\">\n\t\t\t\t<h3>Einen neuen Eintrag f\u00fcr das G\u00e4stebuch schreiben<\/h3>\n\t\t\t\t<button type=\"button\" class=\"gb-notice-dismiss\">x<span class=\"screen-reader-text\">Dieses Formular ausblenden<\/span><\/button>\n\t\t\t\n\t\t\t\t<input type=\"hidden\" name=\"gwolle_gb_function\" class=\"gwolle_gb_function\" value=\"add_entry\" \/><input type=\"hidden\" name=\"gwolle_gb_book_id\" class=\"gwolle_gb_book_id\" value=\"1\" \/><div class=\"gwolle_gb_e6db421d151e65a46056944df66c3046\">\n\t\t\t\t<div class=\"label\"><label for=\"gwolle_gb_e6db421d151e65a46056944df66c3046-1\" class=\"text-info\">Name <span class=\"required\">*<\/span><\/label><\/div>\n\t\t\t\t<div class=\"input\"><input class=\"wp-exclude-emoji gwolle_gb_e6db421d151e65a46056944df66c3046\" value=\"\" type=\"text\" id=\"gwolle_gb_e6db421d151e65a46056944df66c3046-1\" name=\"gwolle_gb_e6db421d151e65a46056944df66c3046\" required \/><\/div>\n\t\t\t\t<div class=\"clearBoth\">&nbsp;<\/div>\n\t\t\t<\/div><div class=\"gwolle_gb_30f35ad97da5733f551cea86ffab412b\">\n\t\t\t\t<div class=\"label\"><label for=\"gwolle_gb_30f35ad97da5733f551cea86ffab412b-1\" class=\"text-info\">E-Mail <span class=\"required\">*<\/span><\/label><\/div>\n\t\t\t\t<div class=\"input\"><input class=\"gwolle_gb_30f35ad97da5733f551cea86ffab412b\" value=\"\" type=\"email\" id=\"gwolle_gb_30f35ad97da5733f551cea86ffab412b-1\" name=\"gwolle_gb_30f35ad97da5733f551cea86ffab412b\" required \/><\/div>\n\t\t\t\t<div class=\"clearBoth\">&nbsp;<\/div>\n\t\t\t<\/div>\n\t\t\t<div class=\"gwolle_gb_5acce849ca74ce78af59f08692ad9ac1\" style=\"display:none;overflow:hidden;\" hidden=\"true\" aria-hidden=\"true\">\n\t\t\t\t<div class=\"label\">\n\t\t\t\t\t<label for=\"gwolle_gb_5acce849ca74ce78af59f08692ad9ac1-1\" class=\"text-primary\">Hier nichts eingeben<\/label>\n\t\t\t\t\t<label for=\"gwolle_gb_5981ec9cbc9ec2e9c1a2ec72d1e4354b-1\" class=\"text-primary\">Hier nichts eingeben<\/label>\n\t\t\t\t<\/div>\n\t\t\t\t<div class=\"input\">\n\t\t\t\t\t<input value=\"83\" type=\"text\" id=\"gwolle_gb_5acce849ca74ce78af59f08692ad9ac1-1\" name=\"gwolle_gb_5acce849ca74ce78af59f08692ad9ac1\" class=\"gwolle_gb_5acce849ca74ce78af59f08692ad9ac1\" style=\"transform: translateY(10000px);\" \/>\n\t\t\t\t\t<input value=\"\" type=\"text\" name=\"gwolle_gb_5981ec9cbc9ec2e9c1a2ec72d1e4354b\" id=\"gwolle_gb_5981ec9cbc9ec2e9c1a2ec72d1e4354b-1\" class=\"gwolle_gb_5981ec9cbc9ec2e9c1a2ec72d1e4354b\" style=\"transform: translateY(10000px);\" \/>\n\t\t\t\t<\/div>\n\t\t\t\t<div class=\"clearBoth\"><\/div>\n\t\t\t<\/div>\n\t\t\t<div class=\"gwolle_gb_39a131cdd19f0e51d5bdf14414cf7d0d\" style=\"display:none;overflow:hidden;\" hidden=\"true\" aria-hidden=\"true\">\n\t\t\t\t<div class=\"label\">\n\t\t\t\t\t<label for=\"gwolle_gb_39a131cdd19f0e51d5bdf14414cf7d0d-1\" class=\"text-primary\">Hier nichts eingeben<\/label>\n\t\t\t\t\t<label for=\"gwolle_gb_c716fd3513d67d04e26d43e0011467cc-1\" class=\"text-primary\">Hier nichts eingeben<\/label>\n\t\t\t\t<\/div>\n\t\t\t\t<div class=\"input\">\n\t\t\t\t\t<input value=\"16863\" type=\"text\" id=\"gwolle_gb_39a131cdd19f0e51d5bdf14414cf7d0d-1\" name=\"gwolle_gb_39a131cdd19f0e51d5bdf14414cf7d0d\" class=\"gwolle_gb_39a131cdd19f0e51d5bdf14414cf7d0d\" style=\"transform: translateY(10000px);\" \/>\n\t\t\t\t\t<input value=\"16863\" type=\"text\"id=\"gwolle_gb_c716fd3513d67d04e26d43e0011467cc-1\" name=\"gwolle_gb_c716fd3513d67d04e26d43e0011467cc\" class=\"gwolle_gb_c716fd3513d67d04e26d43e0011467cc\" style=\"transform: translateY(10000px);\" \/>\n\t\t\t\t<\/div>\n\t\t\t\t<div class=\"clearBoth\"><\/div>\n\t\t\t<\/div><div class=\"gwolle_gb_content\">\n\t\t\t\t<div class=\"label\"><label for=\"gwolle_gb_content-1\" class=\"text-info\">G\u00e4stebucheintrag <span class=\"required\">*<\/span><\/label><\/div>\n\t\t\t\t<div class=\"input\"><textarea id=\"gwolle_gb_content-1\" name=\"gwolle_gb_content\" class=\"gwolle_gb_content wp-exclude-emoji\" required ><\/textarea><\/div>\n\t\t\t\t\t<div class=\"clearBoth\">&nbsp;<\/div>\n\t\t\t\t<\/div>\n\t\t\t\t<div class=\"gwolle_gb_privacy gwolle-gb-privacy\">\n\t\t\t\t\t<div class=\"label\"><label for=\"gwolle_gb_privacy-1\" class=\"text-info\">I accept the <a href=\"https:\/\/andreaholstein.de\/?page_id=116\" title=\"Datenschutzerk\u00e4rung lesen\" target=\"_blank\">Privacy Policy<\/a> <span class=\"required\">*<\/span><\/label><\/div>\n\t\t\t\t\t<div class=\"input\"><input type=\"checkbox\" id=\"gwolle_gb_privacy-1\" name=\"gwolle_gb_privacy\" class=\"gwolle_gb_privacy\" required \/><\/div>\n\t\t\t\t\t<div class=\"clearBoth\">&nbsp;<\/div>\n\t\t\t\t<\/div><input type=\"hidden\" class=\"gwolle_gb_50d864354497d94a60dc52205365c64e\" id=\"gwolle_gb_50d864354497d94a60dc52205365c64e-1\" name=\"gwolle_gb_50d864354497d94a60dc52205365c64e\" value=\"ab3812ac21\" \/>\n\t\t\t<div class=\"gwolle-gb-messages-bottom-container\"><\/div>\n\n\t\t\t<noscript><div class=\"no-js\">Warnung: Dieses Formular kann nur verwendet werden, wenn in deinem Browser JavaScript aktiviert ist.<\/div><\/noscript>\n\n\t\t\t<div class=\"gwolle_gb_submit gwolle-gb-submit\">\n\t\t\t\t<div class=\"label gwolle-gb-invisible text-muted\">&nbsp;<\/div>\n\t\t\t\t<div class=\"input\">\n\t\t\t\t\t<input type=\"submit\" name=\"gwolle_gb_submit\" class=\"gwolle_gb_submit button btn btn-primary \" value=\"Absenden\" \/>\n\t\t\t\t\t<span class=\"gwolle_gb_submit_ajax_icon gwolle-gb-submit-ajax-icon\"><\/span>\n\t\t\t\n\t\t\t\t<\/div>\n\t\t\t\t<div class=\"clearBoth\">&nbsp;<\/div>\n\t\t\t<\/div>\n\n\t\t\t<div class=\"gwolle_gb_notice gwolle-gb-notice\">\n\t\t\t\tMit * gekennzeichnete Felder sind erforderlich.<br \/>\r\nDeine E-Mail-Adresse wird nicht ver\u00f6ffentlicht.<br \/>\r\nEs ist m\u00f6glich, dass dein Eintrag im G\u00e4stebuch erst sichtbar ist, nachdem wir ihn \u00fcberpr\u00fcft haben.<br \/>\r\nIch behalte mit vor, Eintr\u00e4ge zu l\u00f6schen oder nicht zu ver\u00f6ffentlichen.\n\t\t\t<\/div><\/form><div class=\"gwolle-gb-read gwolle-gb-ajax gwolle-gb-entries-list\" data-book_id=\"1\" data-page_id=\"1\">\n\t\t<div id=\"gwolle-gb-total\" class=\"gwolle-gb-total\">10 Eintr\u00e4ge<\/div><!-- Gwolle-GB Entry: Default Template Loaded -->\n\t\t\t\t<div class=\"gb-entry gb-entry_13 gb-entry-count_1 gwolle-gb-uneven gwolle-gb-first\" id=\"gb-entry_13\" data-entry_id=\"13\">\n\t\t\t\t<article>\n\t\t\t\t\t<div class=\"gb-author-info\">\n\t\t\t\t\t\t<span class=\"gb-author-name\">Thekla Schade-Sielmann\n\t\t\t\t\t\t<\/span>\n\t\t\t\t\t\t<span class=\"gb-datetime\">\n\t\t\t\t\t\t\t<span class=\"gb-date\"><span class=\"gb-date-wrote-text\"> schrieb am<\/span><span class=\"gb-date-text\"> August 1, 2022<\/span>\n\t\t\t\t\t\t\t<\/span><span class=\"gb-time\">\n\t\t\t\t\t\t\t\t\t<span class=\"gb-time-at-text\"> um<\/span>\n\t\t\t\t\t\t\t\t\t<span class=\"gb-time-text\"> 8:01 p.m.<\/span>\n\t\t\t\t\t\t\t\t<\/span>\n\t\t\t\t\t\t<\/span> \n\t\t\t\t\t<\/div>\n\t\t\t\t\t<div class=\"gb-entry-content\">Liebe Andrea, der Elternkurs begleitet mich bis jetzt und ich kann nur jedem empfehlen, diesen Kurs zu besuchen. Danke f\u00fcr die tolle Atmosph\u00e4re beim Kurs, deine Beispiele aus dem Privaten und all deinem Fachwissen. \nVielen lieben Dank!\n\t\t\t\t\t<\/div>\n\t\t\t\t<\/article>\n\t\t\t<\/div>\n\t\t\t<div class=\"gb-entry gb-entry_12 gb-entry-count_2 gwolle-gb-even\" id=\"gb-entry_12\" data-entry_id=\"12\">\n\t\t\t\t<article>\n\t\t\t\t\t<div class=\"gb-author-info\">\n\t\t\t\t\t\t<span class=\"gb-author-name\">Sabrina\n\t\t\t\t\t\t<\/span>\n\t\t\t\t\t\t<span class=\"gb-datetime\">\n\t\t\t\t\t\t\t<span class=\"gb-date\"><span class=\"gb-date-wrote-text\"> schrieb am<\/span><span class=\"gb-date-text\"> Juli 17, 2022<\/span>\n\t\t\t\t\t\t\t<\/span><span class=\"gb-time\">\n\t\t\t\t\t\t\t\t\t<span class=\"gb-time-at-text\"> um<\/span>\n\t\t\t\t\t\t\t\t\t<span class=\"gb-time-text\"> 6:25 p.m.<\/span>\n\t\t\t\t\t\t\t\t<\/span>\n\t\t\t\t\t\t<\/span> \n\t\t\t\t\t<\/div>\n\t\t\t\t\t<div class=\"gb-entry-content\">Liebe Frau Holstein,\nich bin sehr dankbar f\u00fcr Ihre tolle Unterst\u00fctzung. Ich habe mich immer sehr gut aufgehoben und beraten gef\u00fchlt. \nDer respektvolle, sanfte Umgang und die gute Vorbereitung unserer Termine hat mir schnell geholfen, Situationen klarer zu erkennen. \nIch empfehle Sie absolut weiter. Sie machen einen tollen Job! Vielen Dank.\n\t\t\t\t\t<\/div>\n\t\t\t\t<\/article>\n\t\t\t<\/div>\n\t\t\t<div class=\"gb-entry gb-entry_11 gb-entry-count_3 gwolle-gb-uneven\" id=\"gb-entry_11\" data-entry_id=\"11\">\n\t\t\t\t<article>\n\t\t\t\t\t<div class=\"gb-author-info\">\n\t\t\t\t\t\t<span class=\"gb-author-name\">Paar (32J. & 38J.)\n\t\t\t\t\t\t<\/span>\n\t\t\t\t\t\t<span class=\"gb-datetime\">\n\t\t\t\t\t\t\t<span class=\"gb-date\"><span class=\"gb-date-wrote-text\"> schrieb am<\/span><span class=\"gb-date-text\"> April 11, 2022<\/span>\n\t\t\t\t\t\t\t<\/span><span class=\"gb-time\">\n\t\t\t\t\t\t\t\t\t<span class=\"gb-time-at-text\"> um<\/span>\n\t\t\t\t\t\t\t\t\t<span class=\"gb-time-text\"> 6:55 p.m.<\/span>\n\t\t\t\t\t\t\t\t<\/span>\n\t\t\t\t\t\t<\/span> \n\t\t\t\t\t<\/div>\n\t\t\t\t\t<div class=\"gb-entry-content\">Die Paar-Beratung von Andrea Holstein ist eine tolle Begleitung, wenn man mal eine dritte Person im Gespr\u00e4ch braucht, die an der richtigen Stelle eine Frage stellt und Impulse gibt, wie es in einem Konflikt weiter gehen kann. \nEine sehr angenehme Mischung aus Zuh\u00f6ren, \u00dcbungen und Raum f\u00fcr Ungeplantes.\nAndrea Holstein schafft eine gute Atmosph\u00e4re f\u00fcr ein offenes Gespr\u00e4ch. \nEinfach mal ausprobieren!\n\t\t\t\t\t<\/div>\n\t\t\t\t<\/article>\n\t\t\t<\/div>\n\t\t\t<div class=\"gb-entry gb-entry_10 gb-entry-count_4 gwolle-gb-even\" id=\"gb-entry_10\" data-entry_id=\"10\">\n\t\t\t\t<article>\n\t\t\t\t\t<div class=\"gb-author-info\">\n\t\t\t\t\t\t<span class=\"gb-author-name\">Susanne\n\t\t\t\t\t\t<\/span>\n\t\t\t\t\t\t<span class=\"gb-datetime\">\n\t\t\t\t\t\t\t<span class=\"gb-date\"><span class=\"gb-date-wrote-text\"> schrieb am<\/span><span class=\"gb-date-text\"> M\u00e4rz 25, 2022<\/span>\n\t\t\t\t\t\t\t<\/span><span class=\"gb-time\">\n\t\t\t\t\t\t\t\t\t<span class=\"gb-time-at-text\"> um<\/span>\n\t\t\t\t\t\t\t\t\t<span class=\"gb-time-text\"> 7:21 a.m.<\/span>\n\t\t\t\t\t\t\t\t<\/span>\n\t\t\t\t\t\t<\/span> \n\t\t\t\t\t<\/div>\n\t\t\t\t\t<div class=\"gb-entry-content\">Liebe Andrea, ich habe im August\/September 2021 deinen Kurs &#034;Starke Eltern - Starke Kinder&#034; besucht. Das vermittelte Wissen und meine Aha-Erlebnisse (z.B. aus Gruppenarbeiten und Rollenspiel-Szenen) helfen mir auch jetzt noch im Familienalltag. Die Kurs-Atmosph\u00e4re war super und so konnten wir Eltern uns gut austauschen und auch f\u00fcr gemeinsames Lachen war Platz. Vielen Dank, Andrea!\n\t\t\t\t\t<\/div>\n\t\t\t\t<\/article>\n\t\t\t<\/div>\n\t\t\t<div class=\"gb-entry gb-entry_9 gb-entry-count_5 gwolle-gb-uneven\" id=\"gb-entry_9\" data-entry_id=\"9\">\n\t\t\t\t<article>\n\t\t\t\t\t<div class=\"gb-author-info\">\n\t\t\t\t\t\t<span class=\"gb-author-name\">Emine\n\t\t\t\t\t\t<\/span>\n\t\t\t\t\t\t<span class=\"gb-datetime\">\n\t\t\t\t\t\t\t<span class=\"gb-date\"><span class=\"gb-date-wrote-text\"> schrieb am<\/span><span class=\"gb-date-text\"> November 12, 2021<\/span>\n\t\t\t\t\t\t\t<\/span><span class=\"gb-time\">\n\t\t\t\t\t\t\t\t\t<span class=\"gb-time-at-text\"> um<\/span>\n\t\t\t\t\t\t\t\t\t<span class=\"gb-time-text\"> 12:48 a.m.<\/span>\n\t\t\t\t\t\t\t\t<\/span>\n\t\t\t\t\t\t<\/span> \n\t\t\t\t\t<\/div>\n\t\t\t\t\t<div class=\"gb-entry-content\">Liebe Andrea,\n\nvielen lieben Dank f\u00fcr den Babymassage Kurs und die wertvollen Tips. \nEs hat uns sehr viel Spa\u00df gemacht und es war eine tolle Atmosph\u00e4re \nWir w\u00fcrden dich jederzeit weiterempfehlen \ud83d\udc4d\nBleib gesund \ud83d\ude0a\nLG Emine\n\t\t\t\t\t<\/div>\n\t\t\t\t<\/article>\n\t\t\t<\/div>\n\t\t\t<div class=\"gb-entry gb-entry_8 gb-entry-count_6 gwolle-gb-even\" id=\"gb-entry_8\" data-entry_id=\"8\">\n\t\t\t\t<article>\n\t\t\t\t\t<div class=\"gb-author-info\">\n\t\t\t\t\t\t<span class=\"gb-author-name\">Miriam\n\t\t\t\t\t\t<\/span>\n\t\t\t\t\t\t<span class=\"gb-datetime\">\n\t\t\t\t\t\t\t<span class=\"gb-date\"><span class=\"gb-date-wrote-text\"> schrieb am<\/span><span class=\"gb-date-text\"> Oktober 23, 2021<\/span>\n\t\t\t\t\t\t\t<\/span><span class=\"gb-time\">\n\t\t\t\t\t\t\t\t\t<span class=\"gb-time-at-text\"> um<\/span>\n\t\t\t\t\t\t\t\t\t<span class=\"gb-time-text\"> 6:54 p.m.<\/span>\n\t\t\t\t\t\t\t\t<\/span>\n\t\t\t\t\t\t<\/span> \n\t\t\t\t\t<\/div>\n\t\t\t\t\t<div class=\"gb-entry-content\">Der Elternkurs &#034;Starke Eltern, starke Kinder&#034; hat mich nachhaltig gepr\u00e4gt und ich hoffe dass noch vieles was ich geh\u00f6rt, gelesen und erlebt habe, weiterhin in den Alltag miteinflie\u00dfen wird.\nViele hilfreiche Tipps zum Umgang mit Kindern, dem Partner und zu guter Letzt, mit sich selbst, der eigenen Geschichte, seiner Pr\u00e4gung und wie diese Bed\u00fcrfnisse in einer Familie Platz finden k\u00f6nnen.\nVielen Dank Andrea f\u00fcr diese gute Erfahrung!\n\t\t\t\t\t<\/div>\n\t\t\t\t<\/article>\n\t\t\t<\/div>\n\t\t\t<div class=\"gb-entry gb-entry_7 gb-entry-count_7 gwolle-gb-uneven\" id=\"gb-entry_7\" data-entry_id=\"7\">\n\t\t\t\t<article>\n\t\t\t\t\t<div class=\"gb-author-info\">\n\t\t\t\t\t\t<span class=\"gb-author-name\">Jana\n\t\t\t\t\t\t<\/span>\n\t\t\t\t\t\t<span class=\"gb-datetime\">\n\t\t\t\t\t\t\t<span class=\"gb-date\"><span class=\"gb-date-wrote-text\"> schrieb am<\/span><span class=\"gb-date-text\"> Oktober 14, 2021<\/span>\n\t\t\t\t\t\t\t<\/span><span class=\"gb-time\">\n\t\t\t\t\t\t\t\t\t<span class=\"gb-time-at-text\"> um<\/span>\n\t\t\t\t\t\t\t\t\t<span class=\"gb-time-text\"> 11:45 a.m.<\/span>\n\t\t\t\t\t\t\t\t<\/span>\n\t\t\t\t\t\t<\/span> \n\t\t\t\t\t<\/div>\n\t\t\t\t\t<div class=\"gb-entry-content\">Vielen, vielen Dank f\u00fcr die tollen Kurse, liebe Andrea, die ich inzwischen bei dir absolvieren durfte. Begonnen 2019 mit dem Baby Massage Kurs, der immer liebevoll, mit viel Geduld und Verst\u00e4ndnis f\u00fcr die Babys, gestaltet war. Gefolgt von einem Entspannungskurs 2020, wo man sich als gestresste Mami mal gut eine wundervolle, entspannte Auszeit nehmen k\u00f6nnte. Vieles von dem erlernten begleitet mich bis heute im Alltag. Und zum Schluss 2021 einen Elternkurs, der mich wieder enger mit meiner Familie zusammen gebracht hat. Es gab tolle Tipps f\u00fcr den Alltag und liebevollen Umgang mit den Kindern. Danke f\u00fcr die tolle Zeit in den Kursen. Mach genauso weiter. Jana\n\t\t\t\t\t<\/div>\n\t\t\t\t<\/article>\n\t\t\t<\/div>\n\t\t\t<div class=\"gb-entry gb-entry_6 gb-entry-count_8 gwolle-gb-even\" id=\"gb-entry_6\" data-entry_id=\"6\">\n\t\t\t\t<article>\n\t\t\t\t\t<div class=\"gb-author-info\">\n\t\t\t\t\t\t<span class=\"gb-author-name\">Diana\n\t\t\t\t\t\t<\/span>\n\t\t\t\t\t\t<span class=\"gb-datetime\">\n\t\t\t\t\t\t\t<span class=\"gb-date\"><span class=\"gb-date-wrote-text\"> schrieb am<\/span><span class=\"gb-date-text\"> September 23, 2021<\/span>\n\t\t\t\t\t\t\t<\/span><span class=\"gb-time\">\n\t\t\t\t\t\t\t\t\t<span class=\"gb-time-at-text\"> um<\/span>\n\t\t\t\t\t\t\t\t\t<span class=\"gb-time-text\"> 3:52 p.m.<\/span>\n\t\t\t\t\t\t\t\t<\/span>\n\t\t\t\t\t\t<\/span> \n\t\t\t\t\t<\/div>\n\t\t\t\t\t<div class=\"gb-entry-content\">Liebe Andrea, wir m\u00f6chten uns auch f\u00fcr den tollen Babymassage-Kurs bei dir bedanken.  Du hast uns mit deiner ruhigen und einf\u00fchlsamen Art viel beigebracht und wir konnten viele Tipps und Techniken f\u00fcr zu Hause mitnehmen. Danke und hoffentlich  bis bald \ud83d\ude42 , Liebe Gr\u00fc\u00dfe, Diana\n\t\t\t\t\t<\/div>\n\t\t\t\t<\/article>\n\t\t\t<\/div>\n\t\t\t<div class=\"gb-entry gb-entry_5 gb-entry-count_9 gwolle-gb-uneven\" id=\"gb-entry_5\" data-entry_id=\"5\">\n\t\t\t\t<article>\n\t\t\t\t\t<div class=\"gb-author-info\">\n\t\t\t\t\t\t<span class=\"gb-author-name\">Nadine\n\t\t\t\t\t\t<\/span>\n\t\t\t\t\t\t<span class=\"gb-datetime\">\n\t\t\t\t\t\t\t<span class=\"gb-date\"><span class=\"gb-date-wrote-text\"> schrieb am<\/span><span class=\"gb-date-text\"> September 21, 2021<\/span>\n\t\t\t\t\t\t\t<\/span><span class=\"gb-time\">\n\t\t\t\t\t\t\t\t\t<span class=\"gb-time-at-text\"> um<\/span>\n\t\t\t\t\t\t\t\t\t<span class=\"gb-time-text\"> 6:52 a.m.<\/span>\n\t\t\t\t\t\t\t\t<\/span>\n\t\t\t\t\t\t<\/span> \n\t\t\t\t\t<\/div>\n\t\t\t\t\t<div class=\"gb-entry-content\">Liebe Andrea,\nich danke Dir f\u00fcr den tollen, sehr interessanten Kurs &#034;starke Eltern-starke Kinder&#034;. Ich kann viele Tipps und Empfehlungen in den Alltag mitnehmen \ud83d\ude42 Auch der Austausch mit anderen Eltern war hilfreich und nett! LG Nadine\n\t\t\t\t\t<\/div>\n\t\t\t\t<\/article>\n\t\t\t<\/div>\n\t\t\t<div class=\"gb-entry gb-entry_4 gb-entry-count_10 gwolle-gb-even\" id=\"gb-entry_4\" data-entry_id=\"4\">\n\t\t\t\t<article>\n\t\t\t\t\t<div class=\"gb-author-info\">\n\t\t\t\t\t\t<span class=\"gb-author-name\">Elena\n\t\t\t\t\t\t<\/span>\n\t\t\t\t\t\t<span class=\"gb-datetime\">\n\t\t\t\t\t\t\t<span class=\"gb-date\"><span class=\"gb-date-wrote-text\"> schrieb am<\/span><span class=\"gb-date-text\"> September 20, 2021<\/span>\n\t\t\t\t\t\t\t<\/span><span class=\"gb-time\">\n\t\t\t\t\t\t\t\t\t<span class=\"gb-time-at-text\"> um<\/span>\n\t\t\t\t\t\t\t\t\t<span class=\"gb-time-text\"> 10:23 a.m.<\/span>\n\t\t\t\t\t\t\t\t<\/span>\n\t\t\t\t\t\t<\/span> \n\t\t\t\t\t<\/div>\n\t\t\t\t\t<div class=\"gb-entry-content\">Liebe Andrea, \n\ndanke f\u00fcr Deinen aufschlussreichen und liebevoll gestalteten Babymassagekurs. \n\nMir und meiner Tochter hat es sehr viel Spa\u00df gemacht! \n\nDie Massage hat bei Bauchbeschwerden und zur Entspannung wirklich super gut geholfen. \n\nAuch der Kontakt zu anderen Eltern und Babys war sehr nett! \n\nVon uns gibt es eine Weiterempfehlung:) \n\nVielen Dank daf\u00fcr! \n\nLG Elena\n\t\t\t\t\t<\/div>\n\t\t\t\t<\/article>\n\t\t\t<\/div>\n\t\t\t<\/div><\/div>\n","protected":false},"excerpt":{"rendered":"<p>Stimmen meiner KursteilnehmerInnen und KlientInnen &#8230;<\/p>\n","protected":false},"author":1,"featured_media":0,"parent":0,"menu_order":20,"comment_status":"closed","ping_status":"closed","template":"","meta":{"ngg_post_thumbnail":0,"footnotes":""},"class_list":["post-1076","page","type-page","status-publish","hentry"],"_links":{"self":[{"href":"https:\/\/andreaholstein.de\/index.php?rest_route=\/wp\/v2\/pages\/1076","targetHints":{"allow":["GET"]}}],"collection":[{"href":"https:\/\/andreaholstein.de\/index.php?rest_route=\/wp\/v2\/pages"}],"about":[{"href":"https:\/\/andreaholstein.de\/index.php?rest_route=\/wp\/v2\/types\/page"}],"author":[{"embeddable":true,"href":"https:\/\/andreaholstein.de\/index.php?rest_route=\/wp\/v2\/users\/1"}],"replies":[{"embeddable":true,"href":"https:\/\/andreaholstein.de\/index.php?rest_route=%2Fwp%2Fv2%2Fcomments&post=1076"}],"version-history":[{"count":5,"href":"https:\/\/andreaholstein.de\/index.php?rest_route=\/wp\/v2\/pages\/1076\/revisions"}],"predecessor-version":[{"id":1124,"href":"https:\/\/andreaholstein.de\/index.php?rest_route=\/wp\/v2\/pages\/1076\/revisions\/1124"}],"wp:attachment":[{"href":"https:\/\/andreaholstein.de\/index.php?rest_route=%2Fwp%2Fv2%2Fmedia&parent=1076"}],"curies":[{"name":"wp","href":"https:\/\/api.w.org\/{rel}","templated":true}]}}