{"id":269,"date":"2018-12-10T12:03:19","date_gmt":"2018-12-10T12:03:19","guid":{"rendered":"http:\/\/andreaholstein.de\/?page_id=269"},"modified":"2022-10-17T19:54:24","modified_gmt":"2022-10-17T19:54:24","slug":"agb","status":"publish","type":"page","link":"https:\/\/andreaholstein.de\/?page_id=269","title":{"rendered":"AGB"},"content":{"rendered":"<h2>Allgemeine Gesch\u00e4ftsbedingungen (AGB)<\/h2>\n<p>Elternkurs \u201cStarke Eltern-Starke Kinder\u00ae\u201c vom Deutschen Kinderschutzbund und Entspannungskurs \u2013 Andrea Holstein<\/p>\n<p>&nbsp;<br \/>\nStand: 02.2020<\/p>\n<p>&nbsp;<br \/>\n<em>Die AGB werden mit der Anmeldung (Einverst\u00e4ndniserkl\u00e4rung) und automatisch mit jeder Teilnahme am Kurs akzeptiert.<\/em><\/p>\n<p>&nbsp;<\/p>\n<ol>\n<li><strong>Kurszeiten und Erf\u00fcllungsort<\/strong><br \/>\nDer Elternkurs \u201eStarke Eltern-Starke Kinder\u00ae\u201c vom Deutschen Kinderschutzbund umfasst, wenn nicht anders vereinbart, 8 Einheiten \u00e0 120 min. Der Entspannungskurs besteht aus 8 Kurseinheiten \u00e0 90 min. Unterrichtsfreie Zeiten werden fr\u00fchzeitig bekanntgegeben. Es wird um p\u00fcnktliches Erscheinen zum Kursbeginn gebeten.<br \/>\n&nbsp;<\/li>\n<li><strong>Anmeldung<\/strong><br \/>\nDie Anmeldung f\u00fcr einen Kurs erfolgt ausschlie\u00dflich per Mail.<br \/>\n&nbsp;<\/li>\n<li><strong>Zahlungsbedingungen<\/strong><br \/>\nDie Kursgeb\u00fchr ist bis sp\u00e4testens 3 Tage vor Antritt des Kurses zu \u00fcberweisen (IBAN: DE 41760260000527746200, BIC: NORSDE71XXX, Kontoinhaber: Andrea Holstein) zu entrichten. Ratenzahlungen sind nicht m\u00f6glich.<br \/>\n&nbsp;<\/li>\n<li><strong>R\u00fccktritt vom Kurs<\/strong><br \/>\nEin R\u00fccktritt ist nur bei einer erheblichen und l\u00e4ngerfristigen Erkrankung m\u00f6glich und ist mit einem Attest vom Arzt nachzuweisen. Die Kursgeb\u00fchr wird nicht erstattet, aber der\/die Teilnehmer\/in hat den Anspruch an dem n\u00e4chstfolgenden Elternkurs, Babymassagekurs oder Entspannungskurs teilzunehmen, der angeboten wird.<br \/>\n&nbsp;<\/li>\n<li><strong>Programm- und Preis\u00e4nderungen<\/strong><br \/>\nDie Kursleitung beh\u00e4lt sich das Recht vor,Programm- und Preis\u00e4nderungen vorzunehmen. \u00c4nderung der Termine und des Programms beh\u00e4lt sich die Kursleitung vor, z.B. bei Erkrankung oder der Unm\u00f6glichkeit der Durchf\u00fchrung des Kurses. Bei zu geringer Teilnehmerzahl beh\u00e4lt sich die Kursleitung den Ausfall des Kurses an dem Termin vor. Muss die Kursstd. seitens der Kursleitung abgesagt werden, ergibt sich daraus ein Nachholtermin.<br \/>\n&nbsp;<\/li>\n<li><strong>Erkrankungen \/ Urlaubszeiten<\/strong><br \/>\nIst der\/die Kursteilnehmer\/in oder das Kind krank oder im Urlaub, ergibt sich daraus kein Anspruch auf eine Nachholstd. oder Preiserstattung der Kursstunde. Die Erkrankung oder der Urlaub ist der Kursleitung per Email oder telefonisch mindestens 24Std.vorher mitzuteilen.<br \/>\n&nbsp;<\/li>\n<li><strong>Haftungsausschluss<\/strong><br \/>\nEine Haftung f\u00fcr K\u00f6rper- und Gesundheitssch\u00e4den wird nicht \u00fcbernommen. F\u00fcr in der Garderobe gelagerte Kleidung und Gegenst\u00e4nde wird keine Haftung<br \/>\n\u00fcbernommen.<br \/>\n&nbsp;<\/li>\n<li><strong>Datenschutz<\/strong><br \/>\nAlle erfassten pers\u00f6nlichen Teilnehmerdaten werden streng vertraulich behandelt und nicht an Dritte weitergegeben.<br \/>\n&nbsp;<\/li>\n<li><strong>Kursraum<\/strong><br \/>\nDer Kursraum darf nur in Str\u00fcmpfen oder barfu\u00df betreten werden, die Schuhe m\u00fcssen vorm Kursraum verbleiben. Handys m\u00fcssen w\u00e4hrend des Kurses aus oder auf \u201eVibration\u201c bzw. \u201elautlos\u201c gestellt werden. Sch\u00e4den, sowie Besch\u00e4digungen, die einem\/einer Teilnehmer\/in im Kursraum entstanden sind, sind von dem\/der Teilnehmer\/in zu beheben bzw. zu tragen. F\u00fcr die Babymassage sind ein Handtuch und eine wasserdichte Wickelunterlage mitzubringen.<br \/>\n&nbsp;<\/li>\n<li><strong>Schlussbestimmung<\/strong><br \/>\nDie Kursleitung beh\u00e4lt sich vor, diese AGB jederzeit ohne Nennung von Gr\u00fcnden zu \u00e4ndern, es sei denn, dass dies f\u00fcr die Kursteilnehmer nicht zumutbar ist. Die Kursleitung wird die Kursteilnehmer \u00fcber \u00c4nderungen der AGB rechtzeitig benachrichtigen.<br \/>\nWiderspricht der\/die Kursteilnehmer\/in der Geltung der neuen AGB nicht innerhalb von sechs Wochen nach der Benachrichtigung, gelten die ge\u00e4nderten AGB als von dem\/der Kursteilnehmer\/in angenommen.<\/li>\n<\/ol>\n","protected":false},"excerpt":{"rendered":"<p>Allgemeine Gesch\u00e4ftsbedingungen (AGB) Elternkurs \u201cStarke Eltern-Starke Kinder\u00ae\u201c vom Deutschen Kinderschutzbund und Entspannungskurs \u2013 Andrea Holstein &nbsp; Stand: 02.2020 &nbsp; Die AGB werden mit der Anmeldung (Einverst\u00e4ndniserkl\u00e4rung) und automatisch mit jeder Teilnahme am Kurs akzeptiert. &nbsp; Kurszeiten und Erf\u00fcllungsort Der Elternkurs<\/p>\n","protected":false},"author":1,"featured_media":0,"parent":0,"menu_order":20,"comment_status":"closed","ping_status":"closed","template":"","meta":{"ngg_post_thumbnail":0,"footnotes":""},"class_list":["post-269","page","type-page","status-publish","hentry"],"_links":{"self":[{"href":"https:\/\/andreaholstein.de\/index.php?rest_route=\/wp\/v2\/pages\/269","targetHints":{"allow":["GET"]}}],"collection":[{"href":"https:\/\/andreaholstein.de\/index.php?rest_route=\/wp\/v2\/pages"}],"about":[{"href":"https:\/\/andreaholstein.de\/index.php?rest_route=\/wp\/v2\/types\/page"}],"author":[{"embeddable":true,"href":"https:\/\/andreaholstein.de\/index.php?rest_route=\/wp\/v2\/users\/1"}],"replies":[{"embeddable":true,"href":"https:\/\/andreaholstein.de\/index.php?rest_route=%2Fwp%2Fv2%2Fcomments&post=269"}],"version-history":[{"count":11,"href":"https:\/\/andreaholstein.de\/index.php?rest_route=\/wp\/v2\/pages\/269\/revisions"}],"predecessor-version":[{"id":1408,"href":"https:\/\/andreaholstein.de\/index.php?rest_route=\/wp\/v2\/pages\/269\/revisions\/1408"}],"wp:attachment":[{"href":"https:\/\/andreaholstein.de\/index.php?rest_route=%2Fwp%2Fv2%2Fmedia&parent=269"}],"curies":[{"name":"wp","href":"https:\/\/api.w.org\/{rel}","templated":true}]}}