{"id":27,"date":"2018-11-23T17:08:24","date_gmt":"2018-11-23T17:08:24","guid":{"rendered":"http:\/\/andreaholstein.de\/?page_id=27"},"modified":"2024-05-06T09:52:07","modified_gmt":"2024-05-06T09:52:07","slug":"elternkurs-starke-eltern-starke-kinder","status":"publish","type":"page","link":"https:\/\/andreaholstein.de\/?page_id=27","title":{"rendered":"Elternkurs  \u201eStarke Eltern- Starke Kinder\u201c vom Deutschen Kinderschutzbund"},"content":{"rendered":"\n<p><\/p>\n\n\n\n<figure class=\"wp-block-image alignright\"><img decoding=\"async\" src=\"\/wp-content\/uploads\/2018\/12\/elternkurs_3.jpg\" alt=\"\"\/><\/figure>\n\n\n\n<p>Eltern sein ist sehr sch\u00f6n, aber manchmal auch ziemlich anstrengend. Der Elternkurs unterst\u00fctzt Sie darin, Ihren Familienalltag gelassener und souver\u00e4ner zu meistern.<\/p>\n\n\n\n<p>Er ist f\u00fcr alle M\u00fctter und V\u00e4ter, die mehr Freude, Leichtigkeit und Sicherheit in der Erziehung erreichen m\u00f6chten. Der Kurs soll Ihnen dabei helfen, das Selbstbewusstsein Ihres Kindes zu st\u00e4rken und auch in Streitsituationen wertsch\u00e4tzend miteinander umzugehen.<\/p>\n\n\n\n<p>Durch ein vertiefendes Verst\u00e4ndnis der kindlichen Entwicklungsphasen werden Sie ermutigt, Ihr Kind altersgem\u00e4\u00df zu begleiten, anzuleiten und vor allem die F\u00e4higkeiten und St\u00e4rken Ihres Kindes in den Blick zu nehmen. Au\u00dferdem geht es darum, das Selbstvertrauen von Eltern als zentrales Merkmal gelungener Erziehung zu st\u00e4rken.<\/p>\n\n\n\n<p class=\"has-text-align-center has-black-color has-text-color has-background has-link-color wp-elements-60ac36bdf6074fa5bb495103ab160553\" style=\"background-color:#7bcedb70\"><em>&#8222;Zwei Dinge sollen Kinder von ihren Eltern bekommen: Wurzeln und Fl\u00fcgel.&#8220;<\/em><br><em>&#8211; J.W. von Goethe &#8211;<\/em><\/p>\n\n\n\n<h6 class=\"wp-block-heading\">Kursinhalte:<\/h6>\n\n\n\n<ul class=\"wp-block-list\">\n<li>Was ist mir wichtig in der Erziehung?<\/li>\n\n\n\n<li>Wie kann ich sinnvoll Grenzen setzen?<\/li>\n\n\n\n<li>Wie bleibe ich in Stresssituationen ruhig?<\/li>\n\n\n\n<li>Wie dr\u00fccke ich meine Gef\u00fchle aus?<\/li>\n\n\n\n<li>Wie kann ich das Selbstbewusstsein meines Kindes st\u00e4rken?<\/li>\n\n\n\n<li>Wie kann ich f\u00fcr mich selbst Kraft im Alltag sch\u00f6pfen?<\/li>\n\n\n\n<li>Wie kann ich Konflikte in der Familie bew\u00e4ltigen?<\/li>\n<\/ul>\n\n\n\n<h6 class=\"wp-block-heading\">Kursziele:<\/h6>\n\n\n\n<ul class=\"wp-block-list\">\n<li>st\u00e4rkt das Selbstbewusstsein von M\u00fcttern, V\u00e4tern und Kindern.<\/li>\n\n\n\n<li>hilft, den Familienalltag zu entlasten und das Miteinander zu verbessern.<\/li>\n\n\n\n<li>zeigt Wege, um Konflikte zu bew\u00e4ltigen und zu l\u00f6sen.<\/li>\n\n\n\n<li>bietet Raum zum Nachdenken und zum Austausch mit anderen M\u00fcttern und V\u00e4tern.<\/li>\n\n\n\n<li>er\u00f6ffnet Chancen, Freir\u00e4ume f\u00fcr sich selbst zu schaffen und frische Kraft zu tanken.<\/li>\n\n\n\n<li>informiert \u00fcber allgemeine Erziehungsthemen und \u00fcber Kinderrechte.<\/li>\n<\/ul>\n\n\n\n<figure class=\"wp-block-image alignleft\"><img decoding=\"async\" src=\"\/wp-content\/uploads\/2018\/12\/logo_sesk.jpg\" alt=\"\"\/><\/figure>\n\n\n\n<p>In den Kurseinheiten erhalten Sie fachliche Informationen, probieren in praktischen \u00dcbungen Neues aus und sprechen mit anderen Eltern \u00fcber Ihre Erfahrungen. Der Elternkurs richtet sich an Eltern von Kindern von 0-10 Jahren.&nbsp;<br><br><a href=\"https:\/\/andreaholstein.de\/?page_id=162\">&gt; Termine und Honorar<\/a><\/p>\n","protected":false},"excerpt":{"rendered":"<p>Eltern sein ist sehr sch\u00f6n, aber manchmal auch ziemlich anstrengend. Der Elternkurs unterst\u00fctzt Sie darin, Ihren Familienalltag gelassener und souver\u00e4ner zu meistern. Er ist f\u00fcr alle M\u00fctter und V\u00e4ter, die mehr Freude, Leichtigkeit und Sicherheit in der Erziehung erreichen m\u00f6chten.<\/p>\n","protected":false},"author":1,"featured_media":152,"parent":43,"menu_order":3,"comment_status":"closed","ping_status":"closed","template":"","meta":{"ngg_post_thumbnail":0,"footnotes":""},"class_list":["post-27","page","type-page","status-publish","has-post-thumbnail","hentry"],"_links":{"self":[{"href":"https:\/\/andreaholstein.de\/index.php?rest_route=\/wp\/v2\/pages\/27","targetHints":{"allow":["GET"]}}],"collection":[{"href":"https:\/\/andreaholstein.de\/index.php?rest_route=\/wp\/v2\/pages"}],"about":[{"href":"https:\/\/andreaholstein.de\/index.php?rest_route=\/wp\/v2\/types\/page"}],"author":[{"embeddable":true,"href":"https:\/\/andreaholstein.de\/index.php?rest_route=\/wp\/v2\/users\/1"}],"replies":[{"embeddable":true,"href":"https:\/\/andreaholstein.de\/index.php?rest_route=%2Fwp%2Fv2%2Fcomments&post=27"}],"version-history":[{"count":88,"href":"https:\/\/andreaholstein.de\/index.php?rest_route=\/wp\/v2\/pages\/27\/revisions"}],"predecessor-version":[{"id":1825,"href":"https:\/\/andreaholstein.de\/index.php?rest_route=\/wp\/v2\/pages\/27\/revisions\/1825"}],"up":[{"embeddable":true,"href":"https:\/\/andreaholstein.de\/index.php?rest_route=\/wp\/v2\/pages\/43"}],"wp:featuredmedia":[{"embeddable":true,"href":"https:\/\/andreaholstein.de\/index.php?rest_route=\/wp\/v2\/media\/152"}],"wp:attachment":[{"href":"https:\/\/andreaholstein.de\/index.php?rest_route=%2Fwp%2Fv2%2Fmedia&parent=27"}],"curies":[{"name":"wp","href":"https:\/\/api.w.org\/{rel}","templated":true}]}}