{"id":375,"date":"2018-12-13T15:39:25","date_gmt":"2018-12-13T15:39:25","guid":{"rendered":"http:\/\/andreaholstein.de\/?page_id=375"},"modified":"2021-05-25T15:06:35","modified_gmt":"2021-05-25T15:06:35","slug":"presse-impressionen","status":"publish","type":"page","link":"https:\/\/andreaholstein.de\/?page_id=375","title":{"rendered":"Presse"},"content":{"rendered":"\n<h2 class=\"wp-block-heading\">Volksdorfer Zeitung Mai 2021<\/h2>\n\n\n\n<figure class=\"wp-block-image size-large\"><img loading=\"lazy\" decoding=\"async\" width=\"1024\" height=\"388\" src=\"https:\/\/andreaholstein.de\/wp-content\/uploads\/2021\/05\/Anzeige_VZ55-1024x388.jpg\" alt=\"\" class=\"wp-image-926\" srcset=\"https:\/\/andreaholstein.de\/wp-content\/uploads\/2021\/05\/Anzeige_VZ55-1024x388.jpg 1024w, https:\/\/andreaholstein.de\/wp-content\/uploads\/2021\/05\/Anzeige_VZ55-300x114.jpg 300w, https:\/\/andreaholstein.de\/wp-content\/uploads\/2021\/05\/Anzeige_VZ55-768x291.jpg 768w, https:\/\/andreaholstein.de\/wp-content\/uploads\/2021\/05\/Anzeige_VZ55.jpg 1218w\" sizes=\"auto, (max-width: 1024px) 100vw, 1024px\" \/><\/figure>\n\n\n\n<p><a rel=\"noreferrer noopener\" href=\"https:\/\/online.flipbuilder.com\/eosf\/batv\/mobile\/#p=1\" data-type=\"URL\" data-id=\"https:\/\/online.flipbuilder.com\/eosf\/batv\/mobile\/#p=1\" target=\"_blank\">> Online-Ausgabe der Volksdorfer Zeitung<\/a><\/p>\n\n\n\n<p>&nbsp;<\/p>\n\n\n\n<p><\/p>\n\n\n\n<h2 class=\"wp-block-heading\">Podcast Babymassagen &#8211; unterst\u00fctze das K\u00f6rpergef\u00fchl deines Kindes<\/h2>\n\n\n\n<p>Echte Mamas auf Spotify<\/p>\n\n\n\n<figure class=\"wp-block-embed is-type-rich is-provider-spotify wp-block-embed-spotify wp-embed-aspect-21-9 wp-has-aspect-ratio\"><div class=\"wp-block-embed__wrapper\">\n<iframe loading=\"lazy\" title=\"Spotify Embed: Babymassagen \u2013 unterst\u00fctze das K\u00f6rpergef\u00fchl deines Kindes\" width=\"100%\" height=\"232\" allowtransparency=\"true\" frameborder=\"0\" allow=\"encrypted-media\" src=\"https:\/\/open.spotify.com\/embed-podcast\/episode\/1nFRNFb45WyWKZSOuR0sMJ\"><\/iframe>\n<\/div><\/figure>\n\n\n<h2>Schulranzenmesse 2019<\/h2>\n<p>bei Petschallies, Eulenkrugstra\u00dfe 59, 22359 Hamburg<br>Samstag 19. Januar 2019, 9:00 &#8211; 15:00 Uhr<\/p>\n\n\nngg_shortcode_0_placeholder\n\n\n\n<p><\/p>\n","protected":false},"excerpt":{"rendered":"<p>Volksdorfer Zeitung Mai 2021 > Online-Ausgabe der Volksdorfer Zeitung &nbsp; Podcast Babymassagen &#8211; unterst\u00fctze das K\u00f6rpergef\u00fchl deines Kindes Echte Mamas auf Spotify Schulranzenmesse 2019 bei Petschallies, Eulenkrugstra\u00dfe 59, 22359 HamburgSamstag 19. Januar 2019, 9:00 &#8211; 15:00 Uhr<\/p>\n","protected":false},"author":1,"featured_media":0,"parent":43,"menu_order":0,"comment_status":"closed","ping_status":"closed","template":"","meta":{"ngg_post_thumbnail":0,"footnotes":""},"class_list":["post-375","page","type-page","status-publish","hentry"],"_links":{"self":[{"href":"https:\/\/andreaholstein.de\/index.php?rest_route=\/wp\/v2\/pages\/375","targetHints":{"allow":["GET"]}}],"collection":[{"href":"https:\/\/andreaholstein.de\/index.php?rest_route=\/wp\/v2\/pages"}],"about":[{"href":"https:\/\/andreaholstein.de\/index.php?rest_route=\/wp\/v2\/types\/page"}],"author":[{"embeddable":true,"href":"https:\/\/andreaholstein.de\/index.php?rest_route=\/wp\/v2\/users\/1"}],"replies":[{"embeddable":true,"href":"https:\/\/andreaholstein.de\/index.php?rest_route=%2Fwp%2Fv2%2Fcomments&post=375"}],"version-history":[{"count":28,"href":"https:\/\/andreaholstein.de\/index.php?rest_route=\/wp\/v2\/pages\/375\/revisions"}],"predecessor-version":[{"id":927,"href":"https:\/\/andreaholstein.de\/index.php?rest_route=\/wp\/v2\/pages\/375\/revisions\/927"}],"up":[{"embeddable":true,"href":"https:\/\/andreaholstein.de\/index.php?rest_route=\/wp\/v2\/pages\/43"}],"wp:attachment":[{"href":"https:\/\/andreaholstein.de\/index.php?rest_route=%2Fwp%2Fv2%2Fmedia&parent=375"}],"curies":[{"name":"wp","href":"https:\/\/api.w.org\/{rel}","templated":true}]}}