{"id":739,"date":"2020-11-24T09:35:31","date_gmt":"2020-11-24T09:35:31","guid":{"rendered":"http:\/\/andreaholstein.de\/?page_id=739"},"modified":"2024-05-05T20:30:27","modified_gmt":"2024-05-05T20:30:27","slug":"time-line","status":"publish","type":"page","link":"https:\/\/andreaholstein.de\/?page_id=739","title":{"rendered":"Time-Line"},"content":{"rendered":"\n<p><\/p>\n\n\n\n<figure class=\"wp-block-image size-large\"><img loading=\"lazy\" decoding=\"async\" width=\"1024\" height=\"336\" src=\"https:\/\/andreaholstein.de\/wp-content\/uploads\/2020\/11\/time-line-1024x336.jpg\" alt=\"\" class=\"wp-image-752\" srcset=\"https:\/\/andreaholstein.de\/wp-content\/uploads\/2020\/11\/time-line-1024x336.jpg 1024w, https:\/\/andreaholstein.de\/wp-content\/uploads\/2020\/11\/time-line-300x99.jpg 300w, https:\/\/andreaholstein.de\/wp-content\/uploads\/2020\/11\/time-line-768x252.jpg 768w, https:\/\/andreaholstein.de\/wp-content\/uploads\/2020\/11\/time-line.jpg 1218w\" sizes=\"auto, (max-width: 1024px) 100vw, 1024px\" \/><\/figure>\n\n\n\n<p class=\"has-medium-font-size\"><strong>Time-Line Methode in Hamburg<\/strong><\/p>\n\n\n\n<p>In jedem Menschen sind die Erlebnisse und Gef\u00fchle aus dem gesamten Leben im Unterbewusstsein gespeichert und hier teilweise begraben. Vor allem negative Ereignisse werden vom Unterbewusstsein versch\u00fcttet, um den K\u00f6rper zu sch\u00fctzen. Genau an diese Ereignisse kann man sich nur schwer erinnern und doch machen sie einem das Leben schwer. Gerade diese seelischen Blockaden verhindern auch den Energiefluss im K\u00f6rper und k\u00f6nnen Beschwerden hervorrufen.<\/p>\n\n\n\n<p style=\"text-align: center; background-color: #c3e6e6; padding: 10px 0px 10px 0px;\"><em>\u201eAn den Scheidewegen des Lebens stehen keine Wegweiser.\u201c<\/em><br><em>&#8211; Charlie Chaplin &#8211;<\/em><\/p>\n\n\n\n<p>Die Time-Line Methode, die aus dem NLP (Neurolinguistischem Programmieren) kommt, geht davon aus, dass jeder Mensch seine Erinnerungen und Erfahrungen \u00fcber die Lebenszeit hinweg auf einer Art Linie oder Zeitachse speichert. Bei der Time-Line Methode geht es grunds\u00e4tzlich darum, belastende Erlebnisse aus der Vergangenheit zu reflektieren und die Bewertung, sowie das aktuelle Gef\u00fchlserleben dazu positiv zu ver\u00e4ndern.<\/p>\n\n\n\n<p>Man legt gemeinsam ein Seil auf dem Boden und markiert mit Zetteln (Bodenankern) die Vergangenheit, Gegenwart und Zukunft. Es hat den Vorteil, dass Sie in die Situation reingehen und\/oder diese durch die Metaperspektive von au\u00dfen betrachten aber auch ver\u00e4ndern k\u00f6nnen. Dadurch wird ein innerer Prozess angeregt und alte Themen d\u00fcrfen sich l\u00f6sen. Durch Time-Line Arbeit ist es m\u00f6glich, in Ihrer biografischen Vergangenheit ressourcenvolle Situationen oder Beziehungen aufzusuchen und zu erkunden.<\/p>\n\n\n\n<p><strong>Mithilfe der Time-Line Methode lassen sich folgende Anliegen bearbeiten:<\/strong><\/p>\n\n\n\n<ul class=\"wp-block-list\">\n<li>&nbsp;Erinnerungen aus der Vergangenheit aufzeigen und ver\u00e4ndern<\/li>\n\n\n\n<li>&nbsp;Umwandlung negativer Gef\u00fchle<\/li>\n\n\n\n<li>&nbsp;Blockaden\/\u00c4ngste aufl\u00f6sen<\/li>\n\n\n\n<li>&nbsp;Berufsfindung\/ Potentialentwicklung<\/li>\n<\/ul>\n\n\n\n<p><a href=\"https:\/\/andreaholstein.de\/?page_id=162\">&gt; Termine und Honorar<\/a><\/p>\n","protected":false},"excerpt":{"rendered":"<p>Time-Line Methode in Hamburg In jedem Menschen sind die Erlebnisse und Gef\u00fchle aus dem gesamten Leben im Unterbewusstsein gespeichert und hier teilweise begraben. Vor allem negative Ereignisse werden vom Unterbewusstsein versch\u00fcttet, um den K\u00f6rper zu sch\u00fctzen. Genau an diese Ereignisse<\/p>\n","protected":false},"author":1,"featured_media":0,"parent":734,"menu_order":0,"comment_status":"closed","ping_status":"closed","template":"","meta":{"ngg_post_thumbnail":0,"footnotes":""},"class_list":["post-739","page","type-page","status-publish","hentry"],"_links":{"self":[{"href":"https:\/\/andreaholstein.de\/index.php?rest_route=\/wp\/v2\/pages\/739","targetHints":{"allow":["GET"]}}],"collection":[{"href":"https:\/\/andreaholstein.de\/index.php?rest_route=\/wp\/v2\/pages"}],"about":[{"href":"https:\/\/andreaholstein.de\/index.php?rest_route=\/wp\/v2\/types\/page"}],"author":[{"embeddable":true,"href":"https:\/\/andreaholstein.de\/index.php?rest_route=\/wp\/v2\/users\/1"}],"replies":[{"embeddable":true,"href":"https:\/\/andreaholstein.de\/index.php?rest_route=%2Fwp%2Fv2%2Fcomments&post=739"}],"version-history":[{"count":14,"href":"https:\/\/andreaholstein.de\/index.php?rest_route=\/wp\/v2\/pages\/739\/revisions"}],"predecessor-version":[{"id":1760,"href":"https:\/\/andreaholstein.de\/index.php?rest_route=\/wp\/v2\/pages\/739\/revisions\/1760"}],"up":[{"embeddable":true,"href":"https:\/\/andreaholstein.de\/index.php?rest_route=\/wp\/v2\/pages\/734"}],"wp:attachment":[{"href":"https:\/\/andreaholstein.de\/index.php?rest_route=%2Fwp%2Fv2%2Fmedia&parent=739"}],"curies":[{"name":"wp","href":"https:\/\/api.w.org\/{rel}","templated":true}]}}