{"id":743,"date":"2020-11-23T16:57:37","date_gmt":"2020-11-23T16:57:37","guid":{"rendered":"http:\/\/andreaholstein.de\/?page_id=743"},"modified":"2024-05-15T09:51:37","modified_gmt":"2024-05-15T09:51:37","slug":"familien-systemaufstellung","status":"publish","type":"page","link":"https:\/\/andreaholstein.de\/?page_id=743","title":{"rendered":"Familien-\/Systemaufstellung"},"content":{"rendered":"\n<p><\/p>\n\n\n\n<p><\/p>\n\n\n\n<figure class=\"wp-block-image size-large\"><img loading=\"lazy\" decoding=\"async\" width=\"1024\" height=\"336\" src=\"https:\/\/andreaholstein.de\/wp-content\/uploads\/2020\/11\/aufstellung-1024x336.jpg\" alt=\"\" class=\"wp-image-750\" srcset=\"https:\/\/andreaholstein.de\/wp-content\/uploads\/2020\/11\/aufstellung-1024x336.jpg 1024w, https:\/\/andreaholstein.de\/wp-content\/uploads\/2020\/11\/aufstellung-300x99.jpg 300w, https:\/\/andreaholstein.de\/wp-content\/uploads\/2020\/11\/aufstellung-768x252.jpg 768w, https:\/\/andreaholstein.de\/wp-content\/uploads\/2020\/11\/aufstellung.jpg 1218w\" sizes=\"auto, (max-width: 1024px) 100vw, 1024px\" \/><\/figure>\n\n\n\n<p class=\"has-medium-font-size\"><strong>Familien-\/Systemaufstellungen in Hamburg<\/strong><\/p>\n\n\n\n<p>Die<strong> systemische Aufstellung auf dem Systembrett<\/strong> nach Kurt Ludewig erm\u00f6glicht es, innere Bilder seines System (Familie, Beziehung, Beruf) auf einem Holzbrett mit Holzfiguren zu visualisieren und aus einer Distanz zu betrachten. Dieser Blick von Au\u00dfen auf das eigene System reicht oft schon aus, um blockierende Verstrickungen aufzul\u00f6sen und anstehende Entscheidungen zu treffen.<\/p>\n\n\n\n<p>Der Klient betrachtet sein System aus einer anderen Perspektive; er wechselt seinen Standpunkt und gewinnt einen \u00dcberblick \u00fcber die Positionen der Systemmitglieder. Es k\u00f6nnen ungel\u00f6ste und \u00fcbertragene Blockaden aus vorherigen Generationen aufgedeckt werden, die das aktuelle Erleben des Klienten in der Gegenwart beeintr\u00e4chtigen. In der Aufstellung wird sichtbar, was lange meist unbewusst und im Verborgenen war, aber eine gro\u00dfe Wirkung im System hat.<\/p>\n\n\n\n<p>Das <strong>Systembrett <\/strong>unterst\u00fctzt Sie bei der Bewusstwerdung und bei der Visualisierung Ihrer Probleme. Und was schlussendlich sichtbar wird, benannt werden kann, f\u00fcr das gibt es auch L\u00f6sungen! Im pers\u00f6nlichen bzw. famili\u00e4ren Umfeld k\u00f6nnen beispielsweise folgende Themen mit dem Systembrett visualisiert werden: Balance von beruflichem und privatem Leben; Karriereplanung; Entscheidungsfindungen; Paarprobleme. Auch Themen wie Ver\u00e4nderungen oder Konfliktbew\u00e4ltigung innerhalb der Familie, oder Aufl\u00f6sen hinderlicher Familienmuster unterst\u00fctzt die Aufstellung mit dem Systembrett.<\/p>\n\n\n\n<p style=\"text-align: center; background-color: #c3e6e6; padding: 10px 0px 10px 0px;\"><em>&#8222;Das Gl\u00fcck ist das einzige, was sich verdoppelt, wenn man es teilt.\u201c<\/em><br><em>&#8211; Albert Schweitzer &#8211;<\/em><\/p>\n\n\n\n<p>Das <strong>systemische Aufstellen mit sogenannten &#8222;Stellvertretern&#8220;<\/strong> dient dazu, unbewusste Prozesse in der eigenen Person oder in Beziehungen bildlich darzustellen und aufzudecken. Hierbei wird ein Anliegen mit Hilfen von Stellvertretern im Raum &#8222;aufgestellt&#8220;.  Dieses Bild hilft den Klienten, Dynamiken und Interaktionen im eigenen System sichtbar zu machen. Stellvertreter erleben an ihren Pl\u00e4tzen pl\u00f6tzlich emotionale und k\u00f6rperliche Zust\u00e4nde aus der Familie des Klienten, die nicht zu ihren eigenen geh\u00f6ren. Die <strong>Stellvertreterwahrnehmung <\/strong>ist ein Ph\u00e4nomen, das bis heute noch nicht empirisch belegt ist, aber \u00fcbereinstimmend beschrieben wird. Es entsteht ein &#8222;morphogenetisches Feld&#8220; (oder &#8222;wissendes Feld&#8220; genannt), in dem implizite Emotionen des Gegen\u00fcbers \u00fcbertragen werden.  <\/p>\n\n\n\n<p>Das Aufstellen mit &#8222;Stellvertretern&#8220; ist eigentlich ein Gruppentherapieverfahren. Die &#8222;Stellvertreterwahrnehmung&#8220; funktioniert aber auch sehr gut in der Einzeltherapie \u00fcber sogenannte <strong>&#8222;Bodenankeraufstellungen&#8220;<\/strong>. Daf\u00fcr nutze ich &#8222;Bodenanker&#8220; z.B. verschiedene Kissen, auf die ich mich als Therapeutin stelle oder Sie sich, um die &#8222;Stellvertreterwahrnehmung&#8220; zu erzeugen. <\/p>\n\n\n\n<p>Durch<strong> Familien-\/Systemaufstellungen <\/strong>k\u00f6nnen die Hintergrundthemen von physischen oder psychische Symptome und Beziehungsdynamiken aufgedeckt werden. In meiner Praxis \u00fcbernehme ich im Therapieprozess bei systemischen Aufstellungen die &#8222;Stellvertreterposition&#8220; und helfen Ihnen dabei, unbewusste Prozesse, dysfunktionale Dynamiken und Emotionen innerhalb Ihrer Familie, Herkunftsfamilie oder Ihrer Partnerschaft aufzuzeigen. Vorher erstelle ich mit Ihnen ein <strong>Genogramm <\/strong>(graphische Darstellungsform verwandtschaftlicher Zusammenh\u00e4nge), um mir ein \u00dcberblick \u00fcber Ihre Lebenssituation zu machen. Dadurch werden bestimmte Verhaltensweisen, Schicksale, Krisen, Traumatisierungen oder Krankheiten vor dem famili\u00e4ren Hintergrund besser verstanden.<\/p>\n\n\n\n<p>Manchmal kann es in systemischen &#8222;Stellvertreteraufstellungen&#8220;, auch heilsam sein, mit sogenannten &#8222;R\u00fcckgaberitualen&#8220;, Belastendes dorthin zur\u00fcckzugeben, wo es seinen Ursprung hat (z.B. einen Gegenstand als Symbol f\u00fcr Schwere finden und an die Person, den &#8222;Stellvertreter&#8220;, zur\u00fcckgeben). So k\u00f6nnen sich alte Verletzungen oder Zur\u00fcckweisungen aufl\u00f6sen und es ist mehr Leichtigkeit sp\u00fcrbar.<\/p>\n\n\n\n<p><\/p>\n\n\n\n<p class=\"has-medium-font-size\"><strong>Effekte der systemischen Aufstellungsarbeit:<\/strong><\/p>\n\n\n\n<ul class=\"wp-block-list\">\n<li>alte Verhaltensmuster, Blockaden, hinderliche Glaubenss\u00e4tze und Konditionierungen k\u00f6nnen weichen<\/li>\n\n\n\n<li>neue M\u00f6glichkeiten k\u00f6nnen entdeckt werden<\/li>\n\n\n\n<li>festgefahrene Standpunkte k\u00f6nnen sich ver\u00e4ndern<\/li>\n\n\n\n<li>belastende Situation k\u00f6nnen sich aufl\u00f6sen<\/li>\n\n\n\n<li>Frieden und Heilung kann entstehen<\/li>\n\n\n\n<li>mehr Leichtigkeit und Lebensfreude<\/li>\n\n\n\n<li>innere St\u00e4rke und Zufriedenheit <\/li>\n<\/ul>\n\n\n\n<p><a href=\"https:\/\/andreaholstein.de\/?page_id=162\">&gt; Termine und Honorar<\/a><\/p>\n","protected":false},"excerpt":{"rendered":"<p>Familien-\/Systemaufstellungen in Hamburg Die systemische Aufstellung auf dem Systembrett nach Kurt Ludewig erm\u00f6glicht es, innere Bilder seines System (Familie, Beziehung, Beruf) auf einem Holzbrett mit Holzfiguren zu visualisieren und aus einer Distanz zu betrachten. Dieser Blick von Au\u00dfen auf das<\/p>\n","protected":false},"author":1,"featured_media":0,"parent":734,"menu_order":0,"comment_status":"closed","ping_status":"closed","template":"","meta":{"ngg_post_thumbnail":0,"footnotes":""},"class_list":["post-743","page","type-page","status-publish","hentry"],"_links":{"self":[{"href":"https:\/\/andreaholstein.de\/index.php?rest_route=\/wp\/v2\/pages\/743","targetHints":{"allow":["GET"]}}],"collection":[{"href":"https:\/\/andreaholstein.de\/index.php?rest_route=\/wp\/v2\/pages"}],"about":[{"href":"https:\/\/andreaholstein.de\/index.php?rest_route=\/wp\/v2\/types\/page"}],"author":[{"embeddable":true,"href":"https:\/\/andreaholstein.de\/index.php?rest_route=\/wp\/v2\/users\/1"}],"replies":[{"embeddable":true,"href":"https:\/\/andreaholstein.de\/index.php?rest_route=%2Fwp%2Fv2%2Fcomments&post=743"}],"version-history":[{"count":44,"href":"https:\/\/andreaholstein.de\/index.php?rest_route=\/wp\/v2\/pages\/743\/revisions"}],"predecessor-version":[{"id":1893,"href":"https:\/\/andreaholstein.de\/index.php?rest_route=\/wp\/v2\/pages\/743\/revisions\/1893"}],"up":[{"embeddable":true,"href":"https:\/\/andreaholstein.de\/index.php?rest_route=\/wp\/v2\/pages\/734"}],"wp:attachment":[{"href":"https:\/\/andreaholstein.de\/index.php?rest_route=%2Fwp%2Fv2%2Fmedia&parent=743"}],"curies":[{"name":"wp","href":"https:\/\/api.w.org\/{rel}","templated":true}]}}