{"id":745,"date":"2018-11-22T09:36:40","date_gmt":"2018-11-22T09:36:40","guid":{"rendered":"http:\/\/andreaholstein.de\/?page_id=745"},"modified":"2024-05-13T08:29:41","modified_gmt":"2024-05-13T08:29:41","slug":"kindercoaching","status":"publish","type":"page","link":"https:\/\/andreaholstein.de\/?page_id=745","title":{"rendered":"Kindercoaching"},"content":{"rendered":"\n<p><\/p>\n\n\n\n<p><\/p>\n\n\n\n<figure class=\"wp-block-image size-large\"><img loading=\"lazy\" decoding=\"async\" width=\"1024\" height=\"336\" src=\"https:\/\/andreaholstein.de\/wp-content\/uploads\/2020\/11\/kindercoaching-1024x336.jpg\" alt=\"\" class=\"wp-image-751\" srcset=\"https:\/\/andreaholstein.de\/wp-content\/uploads\/2020\/11\/kindercoaching-1024x336.jpg 1024w, https:\/\/andreaholstein.de\/wp-content\/uploads\/2020\/11\/kindercoaching-300x99.jpg 300w, https:\/\/andreaholstein.de\/wp-content\/uploads\/2020\/11\/kindercoaching-768x252.jpg 768w, https:\/\/andreaholstein.de\/wp-content\/uploads\/2020\/11\/kindercoaching.jpg 1218w\" sizes=\"auto, (max-width: 1024px) 100vw, 1024px\" \/><\/figure>\n\n\n\n<p class=\"has-medium-font-size\"><strong>Kindercoaching und Elterncoaching in Hamburg<\/strong><\/p>\n\n\n\n<p>Ich m\u00f6chte Ihrem Kind seine eigenen St\u00e4rken und Talente aufzeigen, so dass es sich und seinen eigenen Ressourcen vertrauen kann und lernt seine Probleme konstruktiv selbst zu l\u00f6sen.<\/p>\n\n\n\n<p>Oft sind Kinder durch \u00c4ngste, Konflikte mit der Familie oder Freunden, Schulstress, Leistungsdruck oder Selbstwertdefizite blockiert. Sie k\u00f6nnen dadurch nicht mehr ihre eigenen St\u00e4rken erkennen und entfalten. Dar\u00fcber hinaus entwickeln sich oftmals psychosomatische Beschwerden, wie z.B. Kopfschmerzen, \u00c4ngste,&nbsp; Konzentrationsschwierigkeiten und Schlafprobleme. Daher ist es auch f\u00fcr Kinder wichtig, Kraft zu tanken und zu entspannen.<\/p>\n\n\n\n<p><\/p>\n\n\n\n<p style=\"text-align: center; background-color: #c3e6e6; padding: 10px 0px 10px 0px;\"><em>\u201eHilf mir, es selbst zu tun. Zeige mir, wie es geht. Tu es nicht f\u00fcr mich. Ich kann und will es allein tun.\u201c<\/em><br><em>&#8211; Maria Montessori &#8211;<\/em><\/p>\n\n\n\n<p>Ihr Kind kann bei diesem Coaching aus sich selbst heraus L\u00f6sungen finden, seine St\u00e4rken erkennen und \u00c4ngste abbauen. Die Inhalte werden individuell auf Ihr Kind und seine Bed\u00fcrfnisse abgestimmt. Dabei handelt es sich um konkrete Hilfe durch<strong> systemische<\/strong> und <strong>ressourcenorientierte Methoden<\/strong> und <strong>Entspannungstechniken<\/strong>.<\/p>\n\n\n\n<p>Durch gezielte <strong>Entspannungsmethoden<\/strong>, z.B. Fantasie-\/Traumreisen erh\u00e4lt Ihr Kind die M\u00f6glichkeit, \u201eabzutauchen\u201c und tief in sich zu gehen. Mit Hilfe dieser Geschichten wird Ihrem Kind ein Zugang zu seinen Gef\u00fchlen erm\u00f6glicht, die Fantasie und Kreativit\u00e4t wird angeregt. Ich arbeite in den <strong>Fantasiereisen<\/strong> mit positiven <strong>Affirmationen<\/strong> und <strong>Krafttieren<\/strong>, die die Selbstwirksamkeit Ihres Kindes st\u00e4rken sollen. Das Krafttier gestaltet Ihr Kind eigenst\u00e4ndig aus der Modelliermasse &#8222;Fimo&#8220;, es dient ihm hinterher als sogenannter &#8222;Anker&#8220;. Indem ich das Kind seine Familie in Form von Tieren malen lasse, erhalte ich einen Einblick in die famili\u00e4re Struktur und m\u00f6gliche interaktionale Familienprozesse, aus Sicht des Kindes.<\/p>\n\n\n\n<p><strong>Das Kindercoaching ist geeignet f\u00fcr Kinder von 5 bis 10 Jahren.<\/strong><\/p>\n\n\n\n<p><\/p>\n\n\n\n<p><strong>Elterncoaching<\/strong><\/p>\n\n\n\n<p>Zudem m\u00f6chte ich Sie darin unterst\u00fctzen, Ihr Kind bindungs- und beziehungsorientiert in seiner Entwicklung zu begleiten. Ich kombiniere das Kindercoaching h\u00e4ufig mit einem <strong>Elterncoaching<\/strong>, um m\u00f6gliche Muster im Familiensystem, \u00dcbertragungen auf das Kind und Erziehungsprobleme mit Ihnen aufzudecken und L\u00f6sungsstrategien aufzuzeigen.<\/p>\n\n\n\n<p><\/p>\n\n\n\n<p><\/p>\n\n\n\n<p><\/p>\n\n\n\n<p><a href=\"https:\/\/andreaholstein.de\/?page_id=162\">&gt; Termine und Honorar<\/a><\/p>\n","protected":false},"excerpt":{"rendered":"<p>Kindercoaching und Elterncoaching in Hamburg Ich m\u00f6chte Ihrem Kind seine eigenen St\u00e4rken und Talente aufzeigen, so dass es sich und seinen eigenen Ressourcen vertrauen kann und lernt seine Probleme konstruktiv selbst zu l\u00f6sen. Oft sind Kinder durch \u00c4ngste, Konflikte mit<\/p>\n","protected":false},"author":1,"featured_media":794,"parent":734,"menu_order":2,"comment_status":"closed","ping_status":"closed","template":"","meta":{"ngg_post_thumbnail":0,"footnotes":""},"class_list":["post-745","page","type-page","status-publish","has-post-thumbnail","hentry"],"_links":{"self":[{"href":"https:\/\/andreaholstein.de\/index.php?rest_route=\/wp\/v2\/pages\/745","targetHints":{"allow":["GET"]}}],"collection":[{"href":"https:\/\/andreaholstein.de\/index.php?rest_route=\/wp\/v2\/pages"}],"about":[{"href":"https:\/\/andreaholstein.de\/index.php?rest_route=\/wp\/v2\/types\/page"}],"author":[{"embeddable":true,"href":"https:\/\/andreaholstein.de\/index.php?rest_route=\/wp\/v2\/users\/1"}],"replies":[{"embeddable":true,"href":"https:\/\/andreaholstein.de\/index.php?rest_route=%2Fwp%2Fv2%2Fcomments&post=745"}],"version-history":[{"count":47,"href":"https:\/\/andreaholstein.de\/index.php?rest_route=\/wp\/v2\/pages\/745\/revisions"}],"predecessor-version":[{"id":1877,"href":"https:\/\/andreaholstein.de\/index.php?rest_route=\/wp\/v2\/pages\/745\/revisions\/1877"}],"up":[{"embeddable":true,"href":"https:\/\/andreaholstein.de\/index.php?rest_route=\/wp\/v2\/pages\/734"}],"wp:featuredmedia":[{"embeddable":true,"href":"https:\/\/andreaholstein.de\/index.php?rest_route=\/wp\/v2\/media\/794"}],"wp:attachment":[{"href":"https:\/\/andreaholstein.de\/index.php?rest_route=%2Fwp%2Fv2%2Fmedia&parent=745"}],"curies":[{"name":"wp","href":"https:\/\/api.w.org\/{rel}","templated":true}]}}