{"id":95,"date":"2018-11-28T08:23:45","date_gmt":"2018-11-28T08:23:45","guid":{"rendered":"http:\/\/andreaholstein.de\/?page_id=95"},"modified":"2025-07-08T15:23:13","modified_gmt":"2025-07-08T15:23:13","slug":"kontakt","status":"publish","type":"page","link":"https:\/\/andreaholstein.de\/?page_id=95","title":{"rendered":"Kontakt und Vita"},"content":{"rendered":"\n<p class=\"has-text-align-center\"><\/p>\n\n\n<h2 style=\"text-align: center;\">Andrea Holstein<\/h2>\n<p><img decoding=\"async\" class=\"aligncenter\" src=\"\/wp-content\/uploads\/2018\/12\/kontakt_4.jpg\"><\/p>\n<p>&nbsp;<\/p>\n<p><strong>E-Mail:<\/strong> <a href=\"mailto:a.holstein-job@gmx.de\">a.holstein-job@gmx.de<\/a><br><strong>Mobil:<\/strong> 01573\/9277230&nbsp;<\/p>\n<p><strong>Praxisadresse:<\/strong> Privatpraxis Andrea Holstein, Berner Weg 31, 22393 Hamburg\/Sasel&nbsp;<\/p>\n<p>Parkpl\u00e4tze befinden sich vor der Praxis und in den Nebenstra\u00dfen Saseler Kamp oder Frahmredder. Die XpressBus-Linie 27, mit der Haltestelle &#8222;Saseler Kamp&#8220;, h\u00e4lt direkt vor dem Haus. Der &#8222;Saseler Markt&#8220; ist fu\u00dfl\u00e4ufig gut erreichbar.<\/p>\n<p><iframe loading=\"lazy\" style=\"border: 0;\" src=\"https:\/\/www.google.com\/maps\/embed?pb=!1m18!1m12!1m3!1d2364.8482866978543!2d10.114932877287632!3d53.6496772723789!2m3!1f0!2f0!3f0!3m2!1i1024!2i768!4f13.1!3m3!1m2!1s0x47b18bad075b17b1%3A0xdbcbc64142ff3a8c!2sPsychotherapie(HeilprG.)%26Beratung-Andrea%20Holstein-Diplom%20Sozialp%C3%A4dagogin%2FHeilpraktikerin%20f%C3%BCr%20Psychotherapie!5e0!3m2!1sde!2sde!4v1705916225569!5m2!1sde!2sde\" width=\"100%\" height=\"400\" allowfullscreen=\"allowfullscreen\"><\/iframe><\/p>\n<p>&nbsp;<\/p>\n<h6><strong>Philosophie &amp; Arbeitsweise:<\/strong><\/h6>\n<p>In meiner Praxist\u00e4tigkeit als Diplom Sozialp\u00e4dagogin, Heilpraktikerin f\u00fcr Psychotherapie und Traumatherapeutin lege ich besonderen Wert auf eine vertrauensvolle und wertsch\u00e4tzende therapeutische Beziehung. Diese ist ausschlaggebend&nbsp; f\u00fcr den Erfolg einer Psychotherapie. Mein therapeutischer Ansatz ist ganzheitlich und ich arbeite mit den Methoden der <strong>systemischen Therapie<\/strong> und <strong>Traumatherapie<\/strong>, sowie mit <strong>Familienaufstellungen<\/strong> und <strong>k\u00f6rperorientierten Verfahren<\/strong>. Mir ist es ein Herzensanliegen Menschen dabei zu unterst\u00fctzen, die Sprache ihrer Psyche, ihres K\u00f6rpers und ihrer Gef\u00fchle zu erkennen und zu verstehen.<\/p>\n<p>Ich helfe Ihnen alte Muster und Pr\u00e4gungen in Ihrer Biografie aufzudecken, alte Verletzungen zu integrieren, sowie Ihrem K\u00f6rper und Ihren Emotionen zu vertrauen und sich selbst wertzusch\u00e4tzen. Meine eigene Feinf\u00fchlichkeit, meine Authentizit\u00e4t und meine verschiedenen therapeutischen Aus-\/Weiterbildungen sind die Basis meiner Arbeit.&nbsp;<\/p>\n<p>&nbsp;<\/p>\n<h6><strong>Zur Person:<\/strong><\/h6>\n<ul>\n<li>verheiratet<\/li>\n<li>Mutter von zwei Kindern (eine Tochter, geb. 2012, und ein Sohn, geb. 2015)<\/li>\n<li>Wohnort in Hamburg\/Volksdorf<\/li>\n<\/ul>\n<h6><strong>Qualifikation:<\/strong><\/h6>\n<p><strong>Studium<\/strong><\/p>\n<ul>\n<li>5- j\u00e4hriges Studium der Sozialp\u00e4dagogik, Abschluss: <strong>Diplom Sozialp\u00e4dagogin<\/strong>, Katholische Fachhochschule, Paderborn (Studienschwerpunkt : Psychologie und P\u00e4dagogik)<\/li>\n<\/ul>\n<p><strong>Heilerlaubnis<\/strong><\/p>\n<ul>\n<li><strong>Heilpraktikerin f\u00fcr Psychotherapie <\/strong>(Psychotherapiezulassung nach dem Heilpraktikergesetz), Beh\u00f6rde f\u00fcr Gesundheit und Verbraucherschutz, Hamburg<\/li>\n<\/ul>\n<p><strong>Weiterbildung<\/strong><\/p>\n<ul>\n<li>2- j\u00e4hrige Systemische Weiterbildung,&nbsp; Abschluss:<strong> Systemische Beraterin (SG) <\/strong>f\u00fcr Einzelne, Paare und Familien, &#8222;NIK&#8220; Norddeutsches Institut f\u00fcr Kurzzeittherapie, Bremen<\/li>\n<li>zur <strong>Entspannungstherapeutin<\/strong>, &#8222;Terramedus&#8220; Akademie, Hamburg<\/li>\n<li>zur <strong>Traumatherapeutin<\/strong>, Heilpraktikerschule &#8222;Lebensbl\u00fcte&#8220;, Hannover&nbsp;<\/li>\n<\/ul>\n<p><strong>Fortbildung<\/strong><\/p>\n<ul>\n<li>Heilpraktiker Pr\u00fcfungsvorbereitungskurs (Psychotherapie), Praxis Susanne Th\u00f6lke, Hamburg<\/li>\n<li>Schulung zur <strong>Elternkursleitung<\/strong> &#8222;Starke Eltern-Starke Kinder&#8220; vom Landesverband des Deutschen Kinderschutzbundes, Hamburg<\/li>\n<li>Zertifizierte <strong>Babymassagekursleitung<\/strong>, &#8222;FobiZe&#8220; Fortbildungszentrum, Bremen<\/li>\n<li>Pr\u00e4ventionsangebot im Handlungsfeld <strong>&#8222;Stress- und Gesundheitsmanagement&#8220;<\/strong> (Zentrale Pr\u00fcfstelle f\u00fcr Pr\u00e4vention): <strong>Progressive Muskelrelaxation<\/strong>, Hamburg<\/li>\n<li><strong>Energiearbeit<\/strong>, &#8222;Herz\u00f6ffnungszentrum&#8220;, Hamburg<\/li>\n<li><strong>Focusing als psychotherapeutische Methode<\/strong>, &#8222;Paracelsus&#8220; Heilpraktikerschule, Hamburg<\/li>\n<li><strong>MFT (Mentalfeldtherapie\/Klopfakupressur)<\/strong> zur Behandlung von emotionalen Stresszust\u00e4nden und Traumafolgest\u00f6rungen, &#8222;Paracelsus&#8220; Heilpraktikerschule, Hamburg<\/li>\n<li><strong>K\u00f6rperpsychotherapie, <\/strong>neurosomatische Traumaintegration\/Bioenergetik, &#8222;Caduceus&#8220; Lehrinstitut f\u00fcr Integrative Psychotherapie, Kiel<\/li>\n<li>eigene jahrelange<strong> Yoga-\/Meditations- &amp; Achtsamkeitspraxis<\/strong><\/li>\n<\/ul>\n<p><strong>Ausbildung<\/strong><\/p>\n<ul>\n<li>3- j\u00e4hrige Ausbildung zur examinierten <strong>Krankenschwester<\/strong>, Klinikum Lippe-Lemgo<\/li>\n<\/ul>\n<h6><strong>Berufserfahrung:<\/strong><\/h6>\n<ul>\n<li>Pr\u00e4ventionsarbeit, Beratung und Begleitung von HIV-Positiven und an AIDS erkrankter Menschen bei der &#8222;AIDS-Hilfe&#8220; , Paderborn<\/li>\n<li>Pflegerische und sozialp\u00e4dagogische T\u00e4tigkeit auf einer Station f\u00fcr Demenzkranke, Paderborn<\/li>\n<li>P\u00e4dagogische Arbeit mit Kindern und systemische Beratung\/\u00adBegleitung von Eltern in der Mutter\/\u00adVater-Kind-Kurklinik &#8222;Strandrobbe&#8220;, Cuxhaven<\/li>\n<li>Durchf\u00fchrung von Fortbildungen\/Arbeitskreisen f\u00fcr Kindertagespflegepersonen und Erteilung von Pflegeerlaubnissen beim Jugendamt, Landkreis Harburg<\/li>\n<li>Beratung und psychosoziale Betreuung von psychisch kranken Menschen im Bereich der ambulanten Sozialpsychiatrie &#8222;Vereinigung Pestalozzi&#8220;, Hamburg<\/li>\n<li>P\u00e4dagogische Fr\u00fchf\u00f6rderung von Kindern bei einem ambulanten Tr\u00e4ger, Ahrensburg&nbsp;<\/li>\n<li>Leitung von Mutter\/Vater-Kind-Gruppen in einer Elternschule, Hamburg<\/li>\n<li>Elternkursleitung und Babymassagekursleitung, Hamburg<\/li>\n<li>Anleitung von Entspannungskursen (PMR) und Achtsamkeitskursen, Hamburg<\/li>\n<li>Systemische Paar-\/Familienberatung, Traumatherapie, Ganzheitliche Psychotherapie, Eltern-\/Kindercoaching und Familienaufstellungen in eigener Praxist\u00e4tigkeit, Hamburg<\/li>\n<\/ul>\n<p>&nbsp;<\/p>\n<p>&nbsp;<\/p>\n\n\n<figure class=\"wp-block-image aligncenter size-full\"><img loading=\"lazy\" decoding=\"async\" width=\"200\" height=\"200\" src=\"https:\/\/andreaholstein.de\/wp-content\/uploads\/2021\/10\/1635614411953.png\" alt=\"\" class=\"wp-image-1126\" srcset=\"https:\/\/andreaholstein.de\/wp-content\/uploads\/2021\/10\/1635614411953.png 200w, https:\/\/andreaholstein.de\/wp-content\/uploads\/2021\/10\/1635614411953-150x150.png 150w\" sizes=\"auto, (max-width: 200px) 100vw, 200px\" \/><\/figure>\n\n\n\n<p class=\"has-text-align-center\">Mitglied im Verband Freier Psychotherapeuten, Heilpraktiker f\u00fcr Psychotherapie<br>und Psychologischer Berater e.V.<\/p>\n\n\n\n<p><\/p>\n","protected":false},"excerpt":{"rendered":"<p>Andrea Holstein &nbsp; E-Mail: a.holstein-job@gmx.deMobil: 01573\/9277230&nbsp; Praxisadresse: Privatpraxis Andrea Holstein, Berner Weg 31, 22393 Hamburg\/Sasel&nbsp; Parkpl\u00e4tze befinden sich vor der Praxis und in den Nebenstra\u00dfen Saseler Kamp oder Frahmredder. Die XpressBus-Linie 27, mit der Haltestelle &#8222;Saseler Kamp&#8220;, h\u00e4lt direkt vor<\/p>\n","protected":false},"author":1,"featured_media":100,"parent":43,"menu_order":0,"comment_status":"closed","ping_status":"closed","template":"","meta":{"ngg_post_thumbnail":0,"footnotes":""},"class_list":["post-95","page","type-page","status-publish","has-post-thumbnail","hentry"],"_links":{"self":[{"href":"https:\/\/andreaholstein.de\/index.php?rest_route=\/wp\/v2\/pages\/95","targetHints":{"allow":["GET"]}}],"collection":[{"href":"https:\/\/andreaholstein.de\/index.php?rest_route=\/wp\/v2\/pages"}],"about":[{"href":"https:\/\/andreaholstein.de\/index.php?rest_route=\/wp\/v2\/types\/page"}],"author":[{"embeddable":true,"href":"https:\/\/andreaholstein.de\/index.php?rest_route=\/wp\/v2\/users\/1"}],"replies":[{"embeddable":true,"href":"https:\/\/andreaholstein.de\/index.php?rest_route=%2Fwp%2Fv2%2Fcomments&post=95"}],"version-history":[{"count":106,"href":"https:\/\/andreaholstein.de\/index.php?rest_route=\/wp\/v2\/pages\/95\/revisions"}],"predecessor-version":[{"id":1931,"href":"https:\/\/andreaholstein.de\/index.php?rest_route=\/wp\/v2\/pages\/95\/revisions\/1931"}],"up":[{"embeddable":true,"href":"https:\/\/andreaholstein.de\/index.php?rest_route=\/wp\/v2\/pages\/43"}],"wp:featuredmedia":[{"embeddable":true,"href":"https:\/\/andreaholstein.de\/index.php?rest_route=\/wp\/v2\/media\/100"}],"wp:attachment":[{"href":"https:\/\/andreaholstein.de\/index.php?rest_route=%2Fwp%2Fv2%2Fmedia&parent=95"}],"curies":[{"name":"wp","href":"https:\/\/api.w.org\/{rel}","templated":true}]}}